{"id":234,"date":"2023-02-06T00:07:10","date_gmt":"2023-02-05T16:07:10","guid":{"rendered":"https:\/\/www.kinnotoolbox.com\/?page_id=234"},"modified":"2026-03-17T17:32:51","modified_gmt":"2026-03-17T09:32:51","slug":"contact-us","status":"publish","type":"page","link":"https:\/\/www.kinnotoolbox.com\/fr\/contact-us\/","title":{"rendered":"Contactez-nous"},"content":{"rendered":"<div data-elementor-type=\"wp-page\" data-elementor-id=\"234\" class=\"elementor elementor-234\" data-elementor-post-type=\"page\">\n\t\t\t\t<div class=\"elementor-element elementor-element-a9e3c66 e-con-full e-flex e-con e-parent\" data-id=\"a9e3c66\" data-element_type=\"container\">\n\t\t\t\t<div class=\"elementor-element elementor-element-937e0dc elementor-widget__width-inherit elementor--h-position-center elementor--v-position-middle elementor-arrows-position-inside elementor-pagination-position-inside elementor-widget elementor-widget-slides\" data-id=\"937e0dc\" data-element_type=\"widget\" data-settings=\"{&quot;navigation&quot;:&quot;both&quot;,&quot;autoplay&quot;:&quot;yes&quot;,&quot;pause_on_hover&quot;:&quot;yes&quot;,&quot;pause_on_interaction&quot;:&quot;yes&quot;,&quot;autoplay_speed&quot;:5000,&quot;infinite&quot;:&quot;yes&quot;,&quot;transition&quot;:&quot;slide&quot;,&quot;transition_speed&quot;:500}\" data-widget_type=\"slides.default\">\n\t\t\t\t<div class=\"elementor-widget-container\">\n\t\t\t\t\t\t\t\t\t<div class=\"elementor-swiper\">\n\t\t\t\t\t<div class=\"elementor-slides-wrapper elementor-main-swiper swiper\" role=\"region\" aria-roledescription=\"carousel\" aria-label=\"Diapositives\" dir=\"ltr\" data-animation=\"fadeInUp\">\n\t\t\t\t<div class=\"swiper-wrapper elementor-slides\">\n\t\t\t\t\t\t\t\t\t\t<div class=\"elementor-repeater-item-b77f71e swiper-slide\" role=\"group\" aria-roledescription=\"slide\"><div class=\"swiper-slide-bg\" role=\"img\"><\/div><div class=\"swiper-slide-inner\" ><div class=\"swiper-slide-contents\"><\/div><\/div><\/div>\t\t\t\t<\/div>\n\t\t\t\t\t\t\t<\/div>\n\t\t\t\t<\/div>\n\t\t\t\t\t\t\t\t<\/div>\n\t\t\t\t<\/div>\n\t\t\t\t<\/div>\n\t\t<div class=\"elementor-element elementor-element-86daabe e-flex e-con-boxed e-con e-parent\" data-id=\"86daabe\" data-element_type=\"container\">\n\t\t\t\t\t<div class=\"e-con-inner\">\n\t\t<div class=\"elementor-element elementor-element-b136ae1 e-con-full e-flex e-con e-child\" data-id=\"b136ae1\" data-element_type=\"container\">\n\t\t\t\t<div class=\"elementor-element elementor-element-f534a8e elementor-widget elementor-widget-heading\" data-id=\"f534a8e\" data-element_type=\"widget\" data-widget_type=\"heading.default\">\n\t\t\t\t<div class=\"elementor-widget-container\">\n\t\t\t\t\t<h2 class=\"elementor-heading-title elementor-size-default\">CONTACTEZ-NOUS<\/h2>\t\t\t\t<\/div>\n\t\t\t\t<\/div>\n\t\t\t\t<div class=\"elementor-element elementor-element-dd3f26c elementor-widget__width-inherit elementor-widget elementor-widget-text-editor\" data-id=\"dd3f26c\" data-element_type=\"widget\" data-widget_type=\"text-editor.default\">\n\t\t\t\t<div class=\"elementor-widget-container\">\n\t\t\t\t\t\t\t\t\t<h2 style=\"font-size: 1.25rem; letter-spacing: 0.4px; line-height: 1.25; margin-bottom: 1rem; margin-top: 0px; color: #1a1a1a; font-family: 'Louis Vuitton Web', 'Louis Vuitton Web Fallback', 'Helvetica Neue', Helvetica, Arial, sans-serif;\"><span style=\"font-size: 14px; letter-spacing: 0.4px;\">Choisissez votre m\u00e9thode de contact pr\u00e9f\u00e9r\u00e9e pour joindre notre \u00e9quipe Client Services ou trouvez plus d'informations sur notre page FAQ.<\/span><\/h2>\t\t\t\t\t\t\t\t<\/div>\n\t\t\t\t<\/div>\n\t\t\t\t<\/div>\n\t\t\t\t\t<\/div>\n\t\t\t\t<\/div>\n\t\t<div class=\"elementor-element elementor-element-400f80c e-grid e-con-boxed e-con e-parent\" data-id=\"400f80c\" data-element_type=\"container\">\n\t\t\t\t\t<div class=\"e-con-inner\">\n\t\t\t\t<div class=\"elementor-element elementor-element-4b5043b elementor-widget__width-initial elementor-widget elementor-widget-text-editor\" data-id=\"4b5043b\" data-element_type=\"widget\" data-widget_type=\"text-editor.default\">\n\t\t\t\t<div class=\"elementor-widget-container\">\n\t\t\t\t\t\t\t\t\t<p><strong>APPELEZ-NOUS<\/strong><\/p><p><span style=\"color: #1a1a1a; font-family: 'Louis Vuitton Web', 'Louis Vuitton Web Fallback', 'Helvetica Neue', Helvetica, Arial, sans-serif; font-size: 14px; letter-spacing: 0.4px;\">Nos Client Advisors sont l\u00e0 pour vous aider, en vous fournissant des informations sur vos demandes et des conseils sur vos achats.<\/span><\/p><p style=\"margin: 0px; color: #1a1a1a; font-family: 'Louis Vuitton Web', 'Louis Vuitton Web Fallback', 'Helvetica Neue', Helvetica, Arial, sans-serif; font-size: 14px; letter-spacing: 0.4px;\">Vous pouvez nous contacter par WhatsApp ou par t\u00e9l\u00e9phone :\u00a0<\/p><ul style=\"color: #1a1a1a; font-family: 'Louis Vuitton Web', 'Louis Vuitton Web Fallback', 'Helvetica Neue', Helvetica, Arial, sans-serif; font-size: 14px; letter-spacing: 0.4px; background-color: #ffffff;\"><li>Lundi au vendredi : 9am \u2013 8pm CT<\/li><li>Samedi et dimanche : 10am \u2013 7pm CT<\/li><\/ul>\t\t\t\t\t\t\t\t<\/div>\n\t\t\t\t<\/div>\n\t\t\t\t<div class=\"elementor-element elementor-element-3dd8216 elementor-widget__width-initial elementor-widget elementor-widget-text-editor\" data-id=\"3dd8216\" data-element_type=\"widget\" data-widget_type=\"text-editor.default\">\n\t\t\t\t<div class=\"elementor-widget-container\">\n\t\t\t\t\t\t\t\t\t<p><strong>CHAT EN DIRECT<\/strong><\/p><h2 style=\"font-size: 1.25rem; letter-spacing: 0.4px; line-height: 1.25; margin-bottom: 1rem; margin-top: 0px; font-family: 'Louis Vuitton Web', 'Louis Vuitton Web Fallback', 'Helvetica Neue', Helvetica, Arial, sans-serif; text-align: left;\"><span style=\"font-size: 14px; letter-spacing: 0.4px;\"><span style=\"color: #1a1a1a;\">Nos Live Chat Client Advisors sont disponibles pour vous assister :<\/span><\/span><\/h2><h2 style=\"font-size: 1.25rem; letter-spacing: 0.4px; line-height: 1.25; margin-bottom: 1rem; margin-top: 0px; color: #1a1a1a; font-family: 'Louis Vuitton Web', 'Louis Vuitton Web Fallback', 'Helvetica Neue', Helvetica, Arial, sans-serif;\"><span style=\"font-size: 14px; letter-spacing: 0.4px;\">Trouvez l'ic\u00f4ne live chat dans le coin inf\u00e9rieur droit de l'\u00e9cran. Elle deviendra active pendant ces heures, d\u00e8s qu'un Advisor sera disponible.<\/span><\/h2><ul style=\"color: #1a1a1a; font-family: 'Louis Vuitton Web', 'Louis Vuitton Web Fallback', 'Helvetica Neue', Helvetica, Arial, sans-serif; font-size: 14px; letter-spacing: 0.4px; background-color: #ffffff;\"><li>Lundi au vendredi : 9am \u2013 8pm CT<\/li><li>Samedi et dimanche : 10am \u2013 7pm CT<\/li><\/ul>\t\t\t\t\t\t\t\t<\/div>\n\t\t\t\t<\/div>\n\t\t\t\t\t<\/div>\n\t\t\t\t<\/div>\n\t\t<div class=\"elementor-element elementor-element-d58e081 e-flex e-con-boxed e-con e-parent\" data-id=\"d58e081\" data-element_type=\"container\">\n\t\t\t\t\t<div class=\"e-con-inner\">\n\t\t<div class=\"elementor-element elementor-element-2bceec3 e-con-full e-flex e-con e-child\" data-id=\"2bceec3\" data-element_type=\"container\">\n\t\t\t\t<div class=\"elementor-element elementor-element-0ae72ba elementor-widget elementor-widget-heading\" data-id=\"0ae72ba\" data-element_type=\"widget\" data-widget_type=\"heading.default\">\n\t\t\t\t<div class=\"elementor-widget-container\">\n\t\t\t\t\t<h2 class=\"elementor-heading-title elementor-size-default\">\u00c9QUIPE KINNO<\/h2>\t\t\t\t<\/div>\n\t\t\t\t<\/div>\n\t\t\t\t<div class=\"elementor-element elementor-element-edc6841 elementor-widget__width-inherit elementor-widget elementor-widget-text-editor\" data-id=\"edc6841\" data-element_type=\"widget\" data-widget_type=\"text-editor.default\">\n\t\t\t\t<div class=\"elementor-widget-container\">\n\t\t\t\t\t\t\t\t\t<h2 style=\"font-size: 1.25rem; letter-spacing: 0.4px; line-height: 1.25; margin-bottom: 1rem; margin-top: 0px; color: #1a1a1a; font-family: 'Louis Vuitton Web', 'Louis Vuitton Web Fallback', 'Helvetica Neue', Helvetica, Arial, sans-serif;\"><span style=\"font-size: 14px; letter-spacing: 0.4px;\">Choisissez votre manager pr\u00e9f\u00e9r\u00e9 pour joindre notre \u00e9quipe Client Services afin d'en savoir plus sur les produits KINNO.<\/span><\/h2>\t\t\t\t\t\t\t\t<\/div>\n\t\t\t\t<\/div>\n\t\t\t\t<\/div>\n\t\t\t\t\t<\/div>\n\t\t\t\t<\/div>\n\t\t<div class=\"elementor-element elementor-element-aa89481 e-con-full e-flex e-con e-parent\" data-id=\"aa89481\" data-element_type=\"container\">\n\t\t\t\t<div class=\"elementor-element elementor-element-dfe3690 elementor-widget__width-initial elementor-widget elementor-widget-link-in-bio-var-6\" data-id=\"dfe3690\" data-element_type=\"widget\" data-widget_type=\"link-in-bio-var-6.default\">\n\t\t\t\t<div class=\"elementor-widget-container\">\n\t\t\t\t\t\t\t<div class=\"e-link-in-bio e-link-in-bio-var-6\">\n\t\t\t<div class=\"e-link-in-bio__content\">\n\n\t\t\t\t\t\t<div class=\"e-link-in-bio__identity\">\n\t\t\t\t\t\t\t\t\t<div class=\"e-link-in-bio__identity-image e-link-in-bio__identity-image-profile has-style-circle\">\n\t\t\t\t\t\t\t<img fetchpriority=\"high\" decoding=\"async\" width=\"225\" height=\"300\" src=\"https:\/\/www.kinnotoolbox.com\/wp-content\/uploads\/2026\/03\/a274aa17b25bf55fe4f86d146f7bdeed-225x300.jpg\" class=\"e-link-in-bio__identity-image-element\" alt=\"\" srcset=\"https:\/\/www.kinnotoolbox.com\/wp-content\/uploads\/2026\/03\/a274aa17b25bf55fe4f86d146f7bdeed-225x300.jpg 225w, https:\/\/www.kinnotoolbox.com\/wp-content\/uploads\/2026\/03\/a274aa17b25bf55fe4f86d146f7bdeed-768x1024.jpg 768w, https:\/\/www.kinnotoolbox.com\/wp-content\/uploads\/2026\/03\/a274aa17b25bf55fe4f86d146f7bdeed-1152x1536.jpg 1152w, https:\/\/www.kinnotoolbox.com\/wp-content\/uploads\/2026\/03\/a274aa17b25bf55fe4f86d146f7bdeed-600x800.jpg 600w, https:\/\/www.kinnotoolbox.com\/wp-content\/uploads\/2026\/03\/a274aa17b25bf55fe4f86d146f7bdeed-e1773739952807.jpg 1440w\" sizes=\"(max-width: 225px) 100vw, 225px\" \/>\t\t\t\t\t\t\t\t\t\t\t\t\t<\/div>\n\t\t\t\t\t\t\t<\/div>\n\t\t\t\t\t<div class=\"e-link-in-bio__bio\">\n\t\t\t\t<h2 class=\"e-link-in-bio__heading\">Jimmy Fan<\/h2>\t\t\t\t<h3 class=\"e-link-in-bio__title\">WhatsApp &amp; WeChat: +86 15658242255\n\n jimmyfan@jskinno.com<\/h3>\t\t\t\t\t\t\t\t\t\t\t<\/div>\n\t\t\t\t\t<div class=\"e-link-in-bio__icons has-size-small\">\n\t\t\t\t\t\t\t<div class=\"e-link-in-bio__icon is-size-small\">\n\t\t\t\t\t<a aria-label=\"WhatsApp\" class=\"e-link-in-bio__icon-link\" href=\"https:\/\/wa.me\/8615658242255\">\n\t\t\t\t\t\t<span class=\"e-link-in-bio__icon-svg\">\n\t\t\t\t\t\t\t<i aria-hidden=\"true\" class=\"fab fa-whatsapp\"><\/i>\t\t\t\t\t\t<\/span>\n\t\t\t\t\t\t\t\t\t\t\t<\/a>\n\t\t\t\t<\/div>\n\t\t\t\t\t\t\t<div class=\"e-link-in-bio__icon is-size-small\">\n\t\t\t\t\t<a aria-label=\"Email\" class=\"e-link-in-bio__icon-link\" href=\"mailto:jimmyfan@jskinno.com?subject=KINNO&#038;body=Hi, I am interested in...\">\n\t\t\t\t\t\t<span class=\"e-link-in-bio__icon-svg\">\n\t\t\t\t\t\t\t<i aria-hidden=\"true\" class=\"fas fa-envelope\"><\/i>\t\t\t\t\t\t<\/span>\n\t\t\t\t\t\t\t\t\t\t\t<\/a>\n\t\t\t\t<\/div>\n\t\t\t\t\t<\/div>\n\t\t\n\t\t<div class=\"e-link-in-bio__image-links has-2-columns\">\n\t\t\t\t\t\t\t<a target=\"_blank\" rel=\"noopener \" class=\"e-link-in-bio__image-links-link\" href=\"\">\n\t\t\t\t\t<img decoding=\"async\" width=\"150\" height=\"150\" src=\"https:\/\/www.kinnotoolbox.com\/wp-content\/uploads\/2026\/03\/4-150x150.jpg\" class=\"e-link-in-bio__image-links-img\" alt=\"\" srcset=\"https:\/\/www.kinnotoolbox.com\/wp-content\/uploads\/2026\/03\/4-150x150.jpg 150w, https:\/\/www.kinnotoolbox.com\/wp-content\/uploads\/2026\/03\/4-300x300.jpg 300w, https:\/\/www.kinnotoolbox.com\/wp-content\/uploads\/2026\/03\/4-768x768.jpg 768w, https:\/\/www.kinnotoolbox.com\/wp-content\/uploads\/2026\/03\/4-12x12.jpg 12w, https:\/\/www.kinnotoolbox.com\/wp-content\/uploads\/2026\/03\/4.jpg 800w\" sizes=\"(max-width: 150px) 100vw, 150px\" \/>\t\t\t\t<\/a>\n\t\t\t\t\t\t\t<a target=\"_blank\" rel=\"noopener \" class=\"e-link-in-bio__image-links-link\" href=\"\">\n\t\t\t\t\t<img decoding=\"async\" width=\"150\" height=\"150\" src=\"https:\/\/www.kinnotoolbox.com\/wp-content\/uploads\/2026\/03\/5-150x150.jpg\" class=\"e-link-in-bio__image-links-img\" alt=\"\" srcset=\"https:\/\/www.kinnotoolbox.com\/wp-content\/uploads\/2026\/03\/5-150x150.jpg 150w, https:\/\/www.kinnotoolbox.com\/wp-content\/uploads\/2026\/03\/5-300x300.jpg 300w, https:\/\/www.kinnotoolbox.com\/wp-content\/uploads\/2026\/03\/5-768x768.jpg 768w, https:\/\/www.kinnotoolbox.com\/wp-content\/uploads\/2026\/03\/5-12x12.jpg 12w, https:\/\/www.kinnotoolbox.com\/wp-content\/uploads\/2026\/03\/5.jpg 800w\" sizes=\"(max-width: 150px) 100vw, 150px\" \/>\t\t\t\t<\/a>\n\t\t\t\t\t\t\t<a target=\"_blank\" rel=\"noopener \" class=\"e-link-in-bio__image-links-link\" href=\"\">\n\t\t\t\t\t<img loading=\"lazy\" decoding=\"async\" width=\"150\" height=\"150\" src=\"https:\/\/www.kinnotoolbox.com\/wp-content\/uploads\/2026\/03\/6-150x150.jpg\" class=\"e-link-in-bio__image-links-img\" alt=\"\" srcset=\"https:\/\/www.kinnotoolbox.com\/wp-content\/uploads\/2026\/03\/6-150x150.jpg 150w, https:\/\/www.kinnotoolbox.com\/wp-content\/uploads\/2026\/03\/6-300x300.jpg 300w, https:\/\/www.kinnotoolbox.com\/wp-content\/uploads\/2026\/03\/6-768x768.jpg 768w, https:\/\/www.kinnotoolbox.com\/wp-content\/uploads\/2026\/03\/6-12x12.jpg 12w, https:\/\/www.kinnotoolbox.com\/wp-content\/uploads\/2026\/03\/6.jpg 800w\" sizes=\"(max-width: 150px) 100vw, 150px\" \/>\t\t\t\t<\/a>\n\t\t\t\t\t\t\t<a target=\"_blank\" rel=\"noopener \" class=\"e-link-in-bio__image-links-link\" href=\"\">\n\t\t\t\t\t<img loading=\"lazy\" decoding=\"async\" width=\"150\" height=\"150\" src=\"https:\/\/www.kinnotoolbox.com\/wp-content\/uploads\/2025\/09\/AQ1-1-150x150.jpg\" class=\"e-link-in-bio__image-links-img\" alt=\"\" srcset=\"https:\/\/www.kinnotoolbox.com\/wp-content\/uploads\/2025\/09\/AQ1-1-150x150.jpg 150w, https:\/\/www.kinnotoolbox.com\/wp-content\/uploads\/2025\/09\/AQ1-1-300x300.jpg 300w, https:\/\/www.kinnotoolbox.com\/wp-content\/uploads\/2025\/09\/AQ1-1-768x768.jpg 768w, https:\/\/www.kinnotoolbox.com\/wp-content\/uploads\/2025\/09\/AQ1-1-12x12.jpg 12w, https:\/\/www.kinnotoolbox.com\/wp-content\/uploads\/2025\/09\/AQ1-1.jpg 800w\" sizes=\"(max-width: 150px) 100vw, 150px\" \/>\t\t\t\t<\/a>\n\t\t\t\t\t<\/div>\n\t\t\n\t\t\t<\/div>\n\t\t\t<div class=\"e-link-in-bio__bg\">\n\t\t\t\t<div class=\"e-link-in-bio__bg-overlay\"><\/div>\n\t\t\t<\/div>\n\t\t<\/div>\n\t\t\t\t\t\t<\/div>\n\t\t\t\t<\/div>\n\t\t\t\t<\/div>\n\t\t\t\t<\/div>","protected":false},"excerpt":{"rendered":"<p>CONTACT US Choose your preferred method of contact to connect with our Client Services team or find out more information through our FAQ page. CALL US Our Client Advisors are here to help, providing information on your inquiries and advice on your purchases. You may contact us by WhatsApp or phone:\u00a0 Monday to Friday: 9am [&hellip;]<\/p>","protected":false},"author":1,"featured_media":0,"parent":0,"menu_order":0,"comment_status":"closed","ping_status":"closed","template":"elementor_header_footer","meta":{"_joinchat":[],"footnotes":""},"class_list":["post-234","page","type-page","status-publish","hentry"],"_links":{"self":[{"href":"https:\/\/www.kinnotoolbox.com\/fr\/wp-json\/wp\/v2\/pages\/234","targetHints":{"allow":["GET"]}}],"collection":[{"href":"https:\/\/www.kinnotoolbox.com\/fr\/wp-json\/wp\/v2\/pages"}],"about":[{"href":"https:\/\/www.kinnotoolbox.com\/fr\/wp-json\/wp\/v2\/types\/page"}],"author":[{"embeddable":true,"href":"https:\/\/www.kinnotoolbox.com\/fr\/wp-json\/wp\/v2\/users\/1"}],"replies":[{"embeddable":true,"href":"https:\/\/www.kinnotoolbox.com\/fr\/wp-json\/wp\/v2\/comments?post=234"}],"version-history":[{"count":81,"href":"https:\/\/www.kinnotoolbox.com\/fr\/wp-json\/wp\/v2\/pages\/234\/revisions"}],"predecessor-version":[{"id":1781,"href":"https:\/\/www.kinnotoolbox.com\/fr\/wp-json\/wp\/v2\/pages\/234\/revisions\/1781"}],"wp:attachment":[{"href":"https:\/\/www.kinnotoolbox.com\/fr\/wp-json\/wp\/v2\/media?parent=234"}],"curies":[{"name":"wp","href":"https:\/\/api.w.org\/{rel}","templated":true}]}}