{"id":803,"date":"2025-09-11T11:04:49","date_gmt":"2025-09-11T03:04:49","guid":{"rendered":"https:\/\/www.kinnotoolbox.com\/?page_id=803"},"modified":"2026-03-17T12:51:03","modified_gmt":"2026-03-17T04:51:03","slug":"download-list","status":"publish","type":"page","link":"https:\/\/www.kinnotoolbox.com\/fr\/download-list\/","title":{"rendered":"catalog"},"content":{"rendered":"<div data-elementor-type=\"wp-page\" data-elementor-id=\"803\" class=\"elementor elementor-803\" data-elementor-post-type=\"page\">\n\t\t\t\t<div class=\"elementor-element elementor-element-80b899a e-flex e-con-boxed e-con e-parent\" data-id=\"80b899a\" data-element_type=\"container\">\n\t\t\t\t\t<div class=\"e-con-inner\">\n\t\t\t\t<div class=\"elementor-element elementor-element-dae2217 elementor-widget elementor-widget-heading\" data-id=\"dae2217\" data-element_type=\"widget\" data-widget_type=\"heading.default\">\n\t\t\t\t<div class=\"elementor-widget-container\">\n\t\t\t\t\t<h2 class=\"elementor-heading-title elementor-size-default\">Catalogue De Produits<\/h2>\t\t\t\t<\/div>\n\t\t\t\t<\/div>\n\t\t\t\t\t<\/div>\n\t\t\t\t<\/div>\n\t\t<div class=\"elementor-element elementor-element-92d3225 e-flex e-con-boxed e-con e-parent\" data-id=\"92d3225\" data-element_type=\"container\">\n\t\t\t\t\t<div class=\"e-con-inner\">\n\t\t\t\t<div class=\"elementor-element elementor-element-92340a3 elementor-widget-divider--view-line elementor-widget elementor-widget-divider\" data-id=\"92340a3\" data-element_type=\"widget\" data-widget_type=\"divider.default\">\n\t\t\t\t<div class=\"elementor-widget-container\">\n\t\t\t\t\t\t\t<div class=\"elementor-divider\">\n\t\t\t<span class=\"elementor-divider-separator\">\n\t\t\t\t\t\t<\/span>\n\t\t<\/div>\n\t\t\t\t\t\t<\/div>\n\t\t\t\t<\/div>\n\t\t\t\t\t<\/div>\n\t\t\t\t<\/div>\n\t\t<div class=\"elementor-element elementor-element-977a98c e-flex e-con-boxed e-con e-parent\" data-id=\"977a98c\" data-element_type=\"container\">\n\t\t\t\t\t<div class=\"e-con-inner\">\n\t\t\t\t<div class=\"elementor-element elementor-element-0d326fc elementor-widget__width-initial elementor-widget elementor-widget-text-editor\" data-id=\"0d326fc\" data-element_type=\"widget\" data-widget_type=\"text-editor.default\">\n\t\t\t\t<div class=\"elementor-widget-container\">\n\t\t\t\t\t\t\t\t\t<h2 style=\"font-size: 1.25rem; letter-spacing: 0.4px; line-height: 1.25; margin-bottom: 1rem; margin-top: 0px; font-family: 'Louis Vuitton Web', 'Louis Vuitton Web Fallback', 'Helvetica Neue', Helvetica, Arial, sans-serif; text-align: left;\"><span style=\"font-size: 14px; letter-spacing: 0.4px;\"><span style=\"color: #1a1a1a;\">D\u00e9couvrez le dernier catalogue de produits KINNO, pr\u00e9sentant notre gamme compl\u00e8te de professional storage solutions con\u00e7ues pour l'industry, le workspace et le modern living. La 2026 edition highlights met en avant le tool storage, les industrial cabinets, les workstations et les organizational systems.<\/span><\/span><\/h2><h2 style=\"font-size: 1.25rem; letter-spacing: 0.4px; line-height: 1.25; margin-bottom: 1rem; margin-top: 0px; font-family: 'Louis Vuitton Web', 'Louis Vuitton Web Fallback', 'Helvetica Neue', Helvetica, Arial, sans-serif; text-align: left;\"><span style=\"font-size: 14px; letter-spacing: 0.4px;\"><span style=\"color: #1a1a1a;\">Explorez le catalogue pour en savoir plus sur les comprehensive storage solutions.<\/span><\/span><\/h2>\t\t\t\t\t\t\t\t<\/div>\n\t\t\t\t<\/div>\n\t\t\t\t\t<\/div>\n\t\t\t\t<\/div>\n\t\t<div class=\"elementor-element elementor-element-3ce49d5 e-flex e-con-boxed e-con e-parent\" data-id=\"3ce49d5\" data-element_type=\"container\">\n\t\t\t\t\t<div class=\"e-con-inner\">\n\t\t<div class=\"elementor-element elementor-element-97922ac e-con-full e-flex e-con e-child\" data-id=\"97922ac\" data-element_type=\"container\">\n\t\t\t\t<div class=\"elementor-element elementor-element-a772399 elementor-widget__width-initial elementor-widget elementor-widget-image\" data-id=\"a772399\" data-element_type=\"widget\" data-widget_type=\"image.default\">\n\t\t\t\t<div class=\"elementor-widget-container\">\n\t\t\t\t\t\t\t\t\t\t\t\t\t\t\t<img fetchpriority=\"high\" decoding=\"async\" width=\"800\" height=\"584\" src=\"https:\/\/www.kinnotoolbox.com\/wp-content\/uploads\/2026\/03\/\u5fae\u4fe1\u56fe\u7247_20260317113028_384_48-1024x747.png\" class=\"attachment-large size-large wp-image-1717\" alt=\"\" srcset=\"https:\/\/www.kinnotoolbox.com\/wp-content\/uploads\/2026\/03\/\u5fae\u4fe1\u56fe\u7247_20260317113028_384_48-1024x747.png 1024w, https:\/\/www.kinnotoolbox.com\/wp-content\/uploads\/2026\/03\/\u5fae\u4fe1\u56fe\u7247_20260317113028_384_48-300x219.png 300w, https:\/\/www.kinnotoolbox.com\/wp-content\/uploads\/2026\/03\/\u5fae\u4fe1\u56fe\u7247_20260317113028_384_48-768x560.png 768w, https:\/\/www.kinnotoolbox.com\/wp-content\/uploads\/2026\/03\/\u5fae\u4fe1\u56fe\u7247_20260317113028_384_48-600x438.png 600w, https:\/\/www.kinnotoolbox.com\/wp-content\/uploads\/2026\/03\/\u5fae\u4fe1\u56fe\u7247_20260317113028_384_48.png 1168w\" sizes=\"(max-width: 800px) 100vw, 800px\" \/>\t\t\t\t\t\t\t\t\t\t\t\t\t\t\t<\/div>\n\t\t\t\t<\/div>\n\t\t<div class=\"elementor-element elementor-element-9b19ba6 e-con-full e-flex e-con e-child\" data-id=\"9b19ba6\" data-element_type=\"container\">\n\t\t\t\t<div class=\"elementor-element elementor-element-6025e19 elementor-widget elementor-widget-text-editor\" data-id=\"6025e19\" data-element_type=\"widget\" data-widget_type=\"text-editor.default\">\n\t\t\t\t<div class=\"elementor-widget-container\">\n\t\t\t\t\t\t\t\t\t<p class=\"m_bottom_15 txt_trans\" style=\"text-align: center;\">Catalogue De Produits 2026 (14 Mo)<\/p>\t\t\t\t\t\t\t\t<\/div>\n\t\t\t\t<\/div>\n\t\t\t\t<div class=\"elementor-element elementor-element-c0f6fef elementor-widget__width-initial elementor-widget elementor-widget-button\" data-id=\"c0f6fef\" data-element_type=\"widget\" data-widget_type=\"button.default\">\n\t\t\t\t<div class=\"elementor-widget-container\">\n\t\t\t\t\t\t\t\t\t<div class=\"elementor-button-wrapper\">\n\t\t\t\t\t<a class=\"elementor-button elementor-button-link elementor-size-sm\" href=\"https:\/\/www.kinnotoolbox.com\/wp-content\/uploads\/2026\/03\/KINNO-catalogue-14MB.pdf\">\n\t\t\t\t\t\t<span class=\"elementor-button-content-wrapper\">\n\t\t\t\t\t\t\t\t\t<span class=\"elementor-button-text\">T\u00c9L\u00c9CHARGER<\/span>\n\t\t\t\t\t<\/span>\n\t\t\t\t\t<\/a>\n\t\t\t\t<\/div>\n\t\t\t\t\t\t\t\t<\/div>\n\t\t\t\t<\/div>\n\t\t\t\t<\/div>\n\t\t\t\t<\/div>\n\t\t\t\t\t<\/div>\n\t\t\t\t<\/div>\n\t\t\t\t<\/div>","protected":false},"excerpt":{"rendered":"<p>Product Catalog Discover the latest KINNO product catalog, featuring our full range of professional storage solutions designed for industry, workspace, and modern living.The 2026 edition highlights showcasing tool storage, industrial cabinets, workstations, and organizational systems. Explore the catalog to learn more about comprehensive storage solutions. 2026 Product Catalog (14MB) DOWNLOAD<\/p>","protected":false},"author":1,"featured_media":0,"parent":0,"menu_order":0,"comment_status":"closed","ping_status":"closed","template":"elementor_header_footer","meta":{"_joinchat":[],"footnotes":""},"class_list":["post-803","page","type-page","status-publish","hentry"],"_links":{"self":[{"href":"https:\/\/www.kinnotoolbox.com\/fr\/wp-json\/wp\/v2\/pages\/803","targetHints":{"allow":["GET"]}}],"collection":[{"href":"https:\/\/www.kinnotoolbox.com\/fr\/wp-json\/wp\/v2\/pages"}],"about":[{"href":"https:\/\/www.kinnotoolbox.com\/fr\/wp-json\/wp\/v2\/types\/page"}],"author":[{"embeddable":true,"href":"https:\/\/www.kinnotoolbox.com\/fr\/wp-json\/wp\/v2\/users\/1"}],"replies":[{"embeddable":true,"href":"https:\/\/www.kinnotoolbox.com\/fr\/wp-json\/wp\/v2\/comments?post=803"}],"version-history":[{"count":21,"href":"https:\/\/www.kinnotoolbox.com\/fr\/wp-json\/wp\/v2\/pages\/803\/revisions"}],"predecessor-version":[{"id":1721,"href":"https:\/\/www.kinnotoolbox.com\/fr\/wp-json\/wp\/v2\/pages\/803\/revisions\/1721"}],"wp:attachment":[{"href":"https:\/\/www.kinnotoolbox.com\/fr\/wp-json\/wp\/v2\/media?parent=803"}],"curies":[{"name":"wp","href":"https:\/\/api.w.org\/{rel}","templated":true}]}}